{"id":95,"date":"2018-06-18T06:57:36","date_gmt":"2018-06-18T05:57:36","guid":{"rendered":"https:\/\/apame.de\/home\/"},"modified":"2025-07-01T21:17:27","modified_gmt":"2025-07-01T20:17:27","slug":"home","status":"publish","type":"page","link":"https:\/\/apame.de\/en\/","title":{"rendered":"Home"},"content":{"rendered":"<div data-elementor-type=\"wp-page\" data-elementor-id=\"95\" class=\"elementor elementor-95\">\n\t\t\t\t\t\t<section class=\"elementor-section elementor-top-section elementor-element elementor-element-0d311ee elementor-section-boxed elementor-section-height-default elementor-section-height-default\" data-id=\"0d311ee\" data-element_type=\"section\">\n\t\t\t\t\t\t<div class=\"elementor-container elementor-column-gap-default\">\n\t\t\t\t\t<div class=\"elementor-column elementor-col-100 elementor-top-column elementor-element elementor-element-b6b6c24\" data-id=\"b6b6c24\" data-element_type=\"column\">\n\t\t\t<div class=\"elementor-widget-wrap elementor-element-populated\">\n\t\t\t\t\t\t<div class=\"elementor-element elementor-element-e221877 elementor-widget elementor-widget-shortcode\" data-id=\"e221877\" data-element_type=\"widget\" data-widget_type=\"shortcode.default\">\n\t\t\t\t<div class=\"elementor-widget-container\">\n\t\t\t\t\t<div class=\"elementor-shortcode\"><\/div>\n\t\t\t\t<\/div>\n\t\t\t\t<\/div>\n\t\t\t\t\t<\/div>\n\t\t<\/div>\n\t\t\t\t\t<\/div>\n\t\t<\/section>\n\t\t\t\t<section class=\"elementor-section elementor-top-section elementor-element elementor-element-im7zlyh elementor-section-content-middle elementor-section-boxed elementor-section-height-default elementor-section-height-default\" data-id=\"im7zlyh\" data-element_type=\"section\" data-settings=\"{&quot;background_background&quot;:&quot;classic&quot;}\">\n\t\t\t\t\t\t<div class=\"elementor-container elementor-column-gap-no\">\n\t\t\t\t\t<div class=\"elementor-column elementor-col-50 elementor-top-column elementor-element elementor-element-9230439\" data-id=\"9230439\" data-element_type=\"column\">\n\t\t\t<div class=\"elementor-widget-wrap elementor-element-populated\">\n\t\t\t\t\t\t<div class=\"elementor-element elementor-element-a07bd8d elementor-invisible elementor-widget elementor-widget-image\" data-id=\"a07bd8d\" data-element_type=\"widget\" data-settings=\"{&quot;_animation&quot;:&quot;fadeInDown&quot;,&quot;_animation_delay&quot;:500,&quot;_animation_mobile&quot;:&quot;zoomIn&quot;}\" data-widget_type=\"image.default\">\n\t\t\t\t<div class=\"elementor-widget-container\">\n\t\t\t<style>\/*! elementor - v3.19.0 - 28-02-2024 *\/\n.elementor-widget-image{text-align:center}.elementor-widget-image a{display:inline-block}.elementor-widget-image a img[src$=\".svg\"]{width:48px}.elementor-widget-image img{vertical-align:middle;display:inline-block}<\/style>\t\t\t\t\t\t\t\t\t\t\t<a href=\"https:\/\/apame.de\/en\/safran\/\">\n\t\t\t\t\t\t\t<img fetchpriority=\"high\" decoding=\"async\" width=\"768\" height=\"768\" src=\"https:\/\/apame.de\/wp-content\/uploads\/2025\/07\/saffron-768x768.jpg\" class=\"attachment-medium_large size-medium_large wp-image-6147\" alt=\"saffron\" srcset=\"https:\/\/apame.de\/wp-content\/uploads\/2025\/07\/saffron-768x768.jpg 768w, https:\/\/apame.de\/wp-content\/uploads\/2025\/07\/saffron-300x300.jpg 300w, https:\/\/apame.de\/wp-content\/uploads\/2025\/07\/saffron-1024x1024.jpg 1024w, https:\/\/apame.de\/wp-content\/uploads\/2025\/07\/saffron-150x150.jpg 150w, https:\/\/apame.de\/wp-content\/uploads\/2025\/07\/saffron-12x12.jpg 12w, https:\/\/apame.de\/wp-content\/uploads\/2025\/07\/saffron-600x600.jpg 600w, https:\/\/apame.de\/wp-content\/uploads\/2025\/07\/saffron-100x100.jpg 100w, https:\/\/apame.de\/wp-content\/uploads\/2025\/07\/saffron.jpg 1443w\" sizes=\"(max-width: 768px) 100vw, 768px\" \/>\t\t\t\t\t\t\t\t<\/a>\n\t\t\t\t\t\t\t\t\t\t\t\t\t<\/div>\n\t\t\t\t<\/div>\n\t\t\t\t\t<\/div>\n\t\t<\/div>\n\t\t\t\t<div class=\"elementor-column elementor-col-50 elementor-top-column elementor-element elementor-element-e227f73\" data-id=\"e227f73\" data-element_type=\"column\">\n\t\t\t<div class=\"elementor-widget-wrap elementor-element-populated\">\n\t\t\t\t\t\t<div class=\"elementor-element elementor-element-372f3c4 elementor-view-default elementor-widget elementor-widget-icon\" data-id=\"372f3c4\" data-element_type=\"widget\" data-widget_type=\"icon.default\">\n\t\t\t\t<div class=\"elementor-widget-container\">\n\t\t\t\t\t<div class=\"elementor-icon-wrapper\">\n\t\t\t<a class=\"elementor-icon\" href=\"https:\/\/apame.de\/en\/safran\/\">\n\t\t\t<i aria-hidden=\"true\" class=\"fas fa-heartbeat\"><\/i>\t\t\t<\/a>\n\t\t<\/div>\n\t\t\t\t<\/div>\n\t\t\t\t<\/div>\n\t\t\t\t<div class=\"elementor-element elementor-element-3d7c9fc elementor-widget elementor-widget-heading\" data-id=\"3d7c9fc\" data-element_type=\"widget\" data-widget_type=\"heading.default\">\n\t\t\t\t<div class=\"elementor-widget-container\">\n\t\t\t<style>\/*! elementor - v3.19.0 - 28-02-2024 *\/\n.elementor-heading-title{padding:0;margin:0;line-height:1}.elementor-widget-heading .elementor-heading-title[class*=elementor-size-]>a{color:inherit;font-size:inherit;line-height:inherit}.elementor-widget-heading .elementor-heading-title.elementor-size-small{font-size:15px}.elementor-widget-heading .elementor-heading-title.elementor-size-medium{font-size:19px}.elementor-widget-heading .elementor-heading-title.elementor-size-large{font-size:29px}.elementor-widget-heading .elementor-heading-title.elementor-size-xl{font-size:39px}.elementor-widget-heading .elementor-heading-title.elementor-size-xxl{font-size:59px}<\/style><h2 class=\"elementor-heading-title elementor-size-default\"><a href=\"https:\/\/apame.de\/en\/safran\/\">safron apame<\/a><\/h2>\t\t<\/div>\n\t\t\t\t<\/div>\n\t\t\t\t<div class=\"elementor-element elementor-element-b7dd96d elementor-widget-divider--view-line_text elementor-widget-divider--element-align-center elementor-widget elementor-widget-divider\" data-id=\"b7dd96d\" data-element_type=\"widget\" data-widget_type=\"divider.default\">\n\t\t\t\t<div class=\"elementor-widget-container\">\n\t\t\t<style>\/*! elementor - v3.19.0 - 28-02-2024 *\/\n.elementor-widget-divider{--divider-border-style:none;--divider-border-width:1px;--divider-color:#0c0d0e;--divider-icon-size:20px;--divider-element-spacing:10px;--divider-pattern-height:24px;--divider-pattern-size:20px;--divider-pattern-url:none;--divider-pattern-repeat:repeat-x}.elementor-widget-divider .elementor-divider{display:flex}.elementor-widget-divider .elementor-divider__text{font-size:15px;line-height:1;max-width:95%}.elementor-widget-divider .elementor-divider__element{margin:0 var(--divider-element-spacing);flex-shrink:0}.elementor-widget-divider .elementor-icon{font-size:var(--divider-icon-size)}.elementor-widget-divider .elementor-divider-separator{display:flex;margin:0;direction:ltr}.elementor-widget-divider--view-line_icon .elementor-divider-separator,.elementor-widget-divider--view-line_text .elementor-divider-separator{align-items:center}.elementor-widget-divider--view-line_icon .elementor-divider-separator:after,.elementor-widget-divider--view-line_icon .elementor-divider-separator:before,.elementor-widget-divider--view-line_text .elementor-divider-separator:after,.elementor-widget-divider--view-line_text .elementor-divider-separator:before{display:block;content:\"\";border-block-end:0;flex-grow:1;border-block-start:var(--divider-border-width) var(--divider-border-style) var(--divider-color)}.elementor-widget-divider--element-align-left .elementor-divider .elementor-divider-separator>.elementor-divider__svg:first-of-type{flex-grow:0;flex-shrink:100}.elementor-widget-divider--element-align-left .elementor-divider-separator:before{content:none}.elementor-widget-divider--element-align-left .elementor-divider__element{margin-left:0}.elementor-widget-divider--element-align-right .elementor-divider .elementor-divider-separator>.elementor-divider__svg:last-of-type{flex-grow:0;flex-shrink:100}.elementor-widget-divider--element-align-right .elementor-divider-separator:after{content:none}.elementor-widget-divider--element-align-right .elementor-divider__element{margin-right:0}.elementor-widget-divider--element-align-start .elementor-divider .elementor-divider-separator>.elementor-divider__svg:first-of-type{flex-grow:0;flex-shrink:100}.elementor-widget-divider--element-align-start .elementor-divider-separator:before{content:none}.elementor-widget-divider--element-align-start .elementor-divider__element{margin-inline-start:0}.elementor-widget-divider--element-align-end .elementor-divider .elementor-divider-separator>.elementor-divider__svg:last-of-type{flex-grow:0;flex-shrink:100}.elementor-widget-divider--element-align-end .elementor-divider-separator:after{content:none}.elementor-widget-divider--element-align-end .elementor-divider__element{margin-inline-end:0}.elementor-widget-divider:not(.elementor-widget-divider--view-line_text):not(.elementor-widget-divider--view-line_icon) .elementor-divider-separator{border-block-start:var(--divider-border-width) var(--divider-border-style) var(--divider-color)}.elementor-widget-divider--separator-type-pattern{--divider-border-style:none}.elementor-widget-divider--separator-type-pattern.elementor-widget-divider--view-line .elementor-divider-separator,.elementor-widget-divider--separator-type-pattern:not(.elementor-widget-divider--view-line) .elementor-divider-separator:after,.elementor-widget-divider--separator-type-pattern:not(.elementor-widget-divider--view-line) .elementor-divider-separator:before,.elementor-widget-divider--separator-type-pattern:not([class*=elementor-widget-divider--view]) .elementor-divider-separator{width:100%;min-height:var(--divider-pattern-height);-webkit-mask-size:var(--divider-pattern-size) 100%;mask-size:var(--divider-pattern-size) 100%;-webkit-mask-repeat:var(--divider-pattern-repeat);mask-repeat:var(--divider-pattern-repeat);background-color:var(--divider-color);-webkit-mask-image:var(--divider-pattern-url);mask-image:var(--divider-pattern-url)}.elementor-widget-divider--no-spacing{--divider-pattern-size:auto}.elementor-widget-divider--bg-round{--divider-pattern-repeat:round}.rtl .elementor-widget-divider .elementor-divider__text{direction:rtl}.e-con-inner>.elementor-widget-divider,.e-con>.elementor-widget-divider{width:var(--container-widget-width,100%);--flex-grow:var(--container-widget-flex-grow)}<\/style>\t\t<div class=\"elementor-divider\">\n\t\t\t<span class=\"elementor-divider-separator\">\n\t\t\t\t\t\t\t<span class=\"elementor-divider__text elementor-divider__element\">\n\t\t\t\texcellent quality\t\t\t\t<\/span>\n\t\t\t\t\t\t<\/span>\n\t\t<\/div>\n\t\t\t\t<\/div>\n\t\t\t\t<\/div>\n\t\t\t\t<div class=\"elementor-element elementor-element-25f9a23 elementor-align-center elementor-widget elementor-widget-button\" data-id=\"25f9a23\" data-element_type=\"widget\" data-settings=\"{&quot;_animation_mobile&quot;:&quot;zoomIn&quot;}\" data-widget_type=\"button.default\">\n\t\t\t\t<div class=\"elementor-widget-container\">\n\t\t\t\t\t<div class=\"elementor-button-wrapper\">\n\t\t\t<a class=\"elementor-button elementor-button-link elementor-size-sm\" href=\"https:\/\/apame.de\/en\/safran\/\">\n\t\t\t\t\t\t<span class=\"elementor-button-content-wrapper\">\n\t\t\t\t\t\t<span class=\"elementor-button-text\">Buy<\/span>\n\t\t<\/span>\n\t\t\t\t\t<\/a>\n\t\t<\/div>\n\t\t\t\t<\/div>\n\t\t\t\t<\/div>\n\t\t\t\t\t<\/div>\n\t\t<\/div>\n\t\t\t\t\t<\/div>\n\t\t<\/section>\n\t\t\t\t<section class=\"elementor-section elementor-top-section elementor-element elementor-element-uybt0ce elementor-hidden-desktop elementor-hidden-tablet elementor-hidden-mobile elementor-section-boxed elementor-section-height-default elementor-section-height-default\" data-id=\"uybt0ce\" data-element_type=\"section\">\n\t\t\t\t\t\t<div class=\"elementor-container elementor-column-gap-default\">\n\t\t\t\t\t<div class=\"elementor-column elementor-col-100 elementor-top-column elementor-element elementor-element-6dd492b\" data-id=\"6dd492b\" data-element_type=\"column\">\n\t\t\t<div class=\"elementor-widget-wrap elementor-element-populated\">\n\t\t\t\t\t\t<div class=\"elementor-element elementor-element-c9a7b00 elementor-widget elementor-widget-heading\" data-id=\"c9a7b00\" data-element_type=\"widget\" data-settings=\"{&quot;_animation_mobile&quot;:&quot;fadeInDown&quot;}\" data-widget_type=\"heading.default\">\n\t\t\t\t<div class=\"elementor-widget-container\">\n\t\t\t<h2 class=\"elementor-heading-title elementor-size-default\">safron apame<\/h2>\t\t<\/div>\n\t\t\t\t<\/div>\n\t\t\t\t<div class=\"elementor-element elementor-element-494b65d elementor-invisible elementor-widget elementor-widget-text-editor\" data-id=\"494b65d\" data-element_type=\"widget\" data-settings=\"{&quot;_animation&quot;:&quot;fadeInDown&quot;,&quot;_animation_delay&quot;:500}\" data-widget_type=\"text-editor.default\">\n\t\t\t\t<div class=\"elementor-widget-container\">\n\t\t\t<style>\/*! elementor - v3.19.0 - 28-02-2024 *\/\n.elementor-widget-text-editor.elementor-drop-cap-view-stacked .elementor-drop-cap{background-color:#69727d;color:#fff}.elementor-widget-text-editor.elementor-drop-cap-view-framed .elementor-drop-cap{color:#69727d;border:3px solid;background-color:transparent}.elementor-widget-text-editor:not(.elementor-drop-cap-view-default) .elementor-drop-cap{margin-top:8px}.elementor-widget-text-editor:not(.elementor-drop-cap-view-default) .elementor-drop-cap-letter{width:1em;height:1em}.elementor-widget-text-editor .elementor-drop-cap{float:left;text-align:center;line-height:1;font-size:50px}.elementor-widget-text-editor .elementor-drop-cap-letter{display:inline-block}<\/style>\t\t\t\t<p style=\"text-align: center;\">\u00a0<\/p><h3 style=\"text-align: center;\"><strong>What is saffron<\/strong><\/h3><p>Saffron is one of the most valuable and expensive spices in the world, which is called golden spice or red gold and it is known as one of the medicinal plants mentioned in the Bible. Saffron has more than 150 different antioxidant compounds that reduce the risk of cardiovascular disease, strengthen memory and treat premenstrual syndrome.<\/p><h3 style=\"text-align: center;\"><b>Saffron nature\u00a0<\/b><\/h3><p>The nature of saffron is hot and dry. Saffron is rich in antioxidants such as carotenoids, safratal, crocin, crocetin, picker, crocin focus and croc, vitamin A, thiamine, riboflavin, folate, copper, potassium, manganese, iron, selenium, zinc and magnesium.<\/p><h3 style=\"text-align: center;\">Glossary<\/h3><p>Apame saffron, in 1920 under the name of hand-picked Bibiyanit saffron, has started to be produced and packaged in Gonabad city, and after a century of unremitting efforts, with the passage of time and with the development of society and technology and the need for a monopoly brand, in 2011, it was renamed to Apame Saffron and with this name, it has continued its activity as a commercial production complex to present saffron in global markets.<br \/>Apame saffron, taking advantage of the valuable and long-term experiences of managers, specialists and experts by fully equipping the quality control laboratory and performing the necessary tests to improve product quality, has always entered the field of competition in accordance with national and international standards and has been able to achieve honors.<\/p>\t\t\t\t\t\t<\/div>\n\t\t\t\t<\/div>\n\t\t\t\t<div class=\"elementor-element elementor-element-2b2bdd5 elementor-align-center elementor-widget elementor-widget-button\" data-id=\"2b2bdd5\" data-element_type=\"widget\" data-settings=\"{&quot;_animation_mobile&quot;:&quot;zoomIn&quot;}\" data-widget_type=\"button.default\">\n\t\t\t\t<div class=\"elementor-widget-container\">\n\t\t\t\t\t<div class=\"elementor-button-wrapper\">\n\t\t\t<a class=\"elementor-button elementor-button-link elementor-size-sm\" href=\"https:\/\/apame.de\/en\/safran\/\">\n\t\t\t\t\t\t<span class=\"elementor-button-content-wrapper\">\n\t\t\t\t\t\t<span class=\"elementor-button-text\">Buy<\/span>\n\t\t<\/span>\n\t\t\t\t\t<\/a>\n\t\t<\/div>\n\t\t\t\t<\/div>\n\t\t\t\t<\/div>\n\t\t\t\t\t<\/div>\n\t\t<\/div>\n\t\t\t\t\t<\/div>\n\t\t<\/section>\n\t\t\t\t<\/div>","protected":false},"excerpt":{"rendered":"<p>safron apame exzellente Qualit\u00e4t kaufen safron apame \u00a0 Was ist Safran? Safran oder Zarpran ist eines der wertvollsten und teuersten Gew\u00fcrze der Welt, das als goldenes Gew\u00fcrz oder rotes Gold bezeichnet wird und als eine der in der Bibel erw\u00e4hnten Heilpflanzen bekannt ist. Safran enth\u00e4lt mehr als 150 verschiedene Antioxidantien, die das Risiko von Herz-Kreislauf-Erkrankungen [&hellip;]<\/p>","protected":false},"author":1,"featured_media":0,"parent":0,"menu_order":0,"comment_status":"closed","ping_status":"closed","template":"","meta":{"site-sidebar-layout":"no-sidebar","site-content-layout":"page-builder","ast-site-content-layout":"","site-content-style":"default","site-sidebar-style":"default","ast-global-header-display":"","ast-banner-title-visibility":"","ast-main-header-display":"","ast-hfb-above-header-display":"","ast-hfb-below-header-display":"","ast-hfb-mobile-header-display":"","site-post-title":"disabled","ast-breadcrumbs-content":"","ast-featured-img":"disabled","footer-sml-layout":"","theme-transparent-header-meta":"default","adv-header-id-meta":"","stick-header-meta":"","header-above-stick-meta":"","header-main-stick-meta":"","header-below-stick-meta":"","astra-migrate-meta-layouts":"default","ast-page-background-enabled":"default","ast-page-background-meta":{"desktop":{"background-color":"","background-image":"","background-repeat":"repeat","background-position":"center center","background-size":"auto","background-attachment":"scroll","background-type":"","background-media":"","overlay-type":"","overlay-color":"","overlay-gradient":""},"tablet":{"background-color":"","background-image":"","background-repeat":"repeat","background-position":"center center","background-size":"auto","background-attachment":"scroll","background-type":"","background-media":"","overlay-type":"","overlay-color":"","overlay-gradient":""},"mobile":{"background-color":"","background-image":"","background-repeat":"repeat","background-position":"center center","background-size":"auto","background-attachment":"scroll","background-type":"","background-media":"","overlay-type":"","overlay-color":"","overlay-gradient":""}},"ast-content-background-meta":{"desktop":{"background-color":"var(--ast-global-color-5)","background-image":"","background-repeat":"repeat","background-position":"center center","background-size":"auto","background-attachment":"scroll","background-type":"","background-media":"","overlay-type":"","overlay-color":"","overlay-gradient":""},"tablet":{"background-color":"var(--ast-global-color-5)","background-image":"","background-repeat":"repeat","background-position":"center center","background-size":"auto","background-attachment":"scroll","background-type":"","background-media":"","overlay-type":"","overlay-color":"","overlay-gradient":""},"mobile":{"background-color":"var(--ast-global-color-5)","background-image":"","background-repeat":"repeat","background-position":"center center","background-size":"auto","background-attachment":"scroll","background-type":"","background-media":"","overlay-type":"","overlay-color":"","overlay-gradient":""}},"footnotes":""},"class_list":["post-95","page","type-page","status-publish","hentry"],"yoast_head":"<!-- This site is optimized with the Yoast SEO plugin v22.2 - https:\/\/yoast.com\/wordpress\/plugins\/seo\/ -->\n<title>Heim - apame<\/title>\n<meta name=\"robots\" content=\"index, follow, max-snippet:-1, max-image-preview:large, max-video-preview:-1\" \/>\n<link rel=\"canonical\" href=\"https:\/\/apame.de\/en\/\" \/>\n<meta property=\"og:locale\" content=\"en_GB\" \/>\n<meta property=\"og:type\" content=\"article\" \/>\n<meta property=\"og:title\" content=\"Heim - apame\" \/>\n<meta property=\"og:description\" content=\"safron apame exzellente Qualit\u00e4t kaufen safron apame \u00a0 Was ist Safran? Safran oder Zarpran ist eines der wertvollsten und teuersten Gew\u00fcrze der Welt, das als goldenes Gew\u00fcrz oder rotes Gold bezeichnet wird und als eine der in der Bibel erw\u00e4hnten Heilpflanzen bekannt ist. Safran enth\u00e4lt mehr als 150 verschiedene Antioxidantien, die das Risiko von Herz-Kreislauf-Erkrankungen [&hellip;]\" \/>\n<meta property=\"og:url\" content=\"https:\/\/apame.de\/en\/\" \/>\n<meta property=\"og:site_name\" content=\"apame\" \/>\n<meta property=\"article:modified_time\" content=\"2025-07-01T20:17:27+00:00\" \/>\n<meta property=\"og:image\" content=\"https:\/\/apame.de\/wp-content\/uploads\/2025\/07\/saffron-768x768.jpg\" \/>\n<meta name=\"twitter:card\" content=\"summary_large_image\" \/>\n<meta name=\"twitter:label1\" content=\"Estimated reading time\" \/>\n\t<meta name=\"twitter:data1\" content=\"2 minutes\" \/>\n<script type=\"application\/ld+json\" class=\"yoast-schema-graph\">{\"@context\":\"https:\/\/schema.org\",\"@graph\":[{\"@type\":\"WebPage\",\"@id\":\"https:\/\/apame.de\/\",\"url\":\"https:\/\/apame.de\/\",\"name\":\"Heim - apame\",\"isPartOf\":{\"@id\":\"https:\/\/apame.de\/#website\"},\"primaryImageOfPage\":{\"@id\":\"https:\/\/apame.de\/#primaryimage\"},\"image\":{\"@id\":\"https:\/\/apame.de\/#primaryimage\"},\"thumbnailUrl\":\"https:\/\/apame.de\/wp-content\/uploads\/2025\/07\/saffron-768x768.jpg\",\"datePublished\":\"2018-06-18T05:57:36+00:00\",\"dateModified\":\"2025-07-01T20:17:27+00:00\",\"breadcrumb\":{\"@id\":\"https:\/\/apame.de\/#breadcrumb\"},\"inLanguage\":\"en-GB\",\"potentialAction\":[{\"@type\":\"ReadAction\",\"target\":[\"https:\/\/apame.de\/\"]}]},{\"@type\":\"ImageObject\",\"inLanguage\":\"en-GB\",\"@id\":\"https:\/\/apame.de\/#primaryimage\",\"url\":\"https:\/\/apame.de\/wp-content\/uploads\/2025\/07\/saffron.jpg\",\"contentUrl\":\"https:\/\/apame.de\/wp-content\/uploads\/2025\/07\/saffron.jpg\",\"width\":1443,\"height\":1443,\"caption\":\"saffron\"},{\"@type\":\"BreadcrumbList\",\"@id\":\"https:\/\/apame.de\/#breadcrumb\",\"itemListElement\":[{\"@type\":\"ListItem\",\"position\":1,\"name\":\"Home\",\"item\":\"https:\/\/apame.de\/\"},{\"@type\":\"ListItem\",\"position\":2,\"name\":\"Heim\"}]},{\"@type\":\"WebSite\",\"@id\":\"https:\/\/apame.de\/#website\",\"url\":\"https:\/\/apame.de\/\",\"name\":\"apame\",\"description\":\"\",\"publisher\":{\"@id\":\"https:\/\/apame.de\/#organization\"},\"potentialAction\":[{\"@type\":\"SearchAction\",\"target\":{\"@type\":\"EntryPoint\",\"urlTemplate\":\"https:\/\/apame.de\/?s={search_term_string}\"},\"query-input\":\"required name=search_term_string\"}],\"inLanguage\":\"en-GB\"},{\"@type\":\"Organization\",\"@id\":\"https:\/\/apame.de\/#organization\",\"name\":\"apame\",\"url\":\"https:\/\/apame.de\/\",\"logo\":{\"@type\":\"ImageObject\",\"inLanguage\":\"en-GB\",\"@id\":\"https:\/\/apame.de\/#\/schema\/logo\/image\/\",\"url\":\"https:\/\/apame.de\/wp-content\/uploads\/2024\/09\/Logo.png\",\"contentUrl\":\"https:\/\/apame.de\/wp-content\/uploads\/2024\/09\/Logo.png\",\"width\":601,\"height\":601,\"caption\":\"apame\"},\"image\":{\"@id\":\"https:\/\/apame.de\/#\/schema\/logo\/image\/\"}}]}<\/script>\n<!-- \/ Yoast SEO plugin. -->","yoast_head_json":{"title":"Heim - apame","robots":{"index":"index","follow":"follow","max-snippet":"max-snippet:-1","max-image-preview":"max-image-preview:large","max-video-preview":"max-video-preview:-1"},"canonical":"https:\/\/apame.de\/en\/","og_locale":"en_GB","og_type":"article","og_title":"Heim - apame","og_description":"safron apame exzellente Qualit\u00e4t kaufen safron apame \u00a0 Was ist Safran? Safran oder Zarpran ist eines der wertvollsten und teuersten Gew\u00fcrze der Welt, das als goldenes Gew\u00fcrz oder rotes Gold bezeichnet wird und als eine der in der Bibel erw\u00e4hnten Heilpflanzen bekannt ist. Safran enth\u00e4lt mehr als 150 verschiedene Antioxidantien, die das Risiko von Herz-Kreislauf-Erkrankungen [&hellip;]","og_url":"https:\/\/apame.de\/en\/","og_site_name":"apame","article_modified_time":"2025-07-01T20:17:27+00:00","og_image":[{"url":"https:\/\/apame.de\/wp-content\/uploads\/2025\/07\/saffron-768x768.jpg"}],"twitter_card":"summary_large_image","twitter_misc":{"Estimated reading time":"2 minutes"},"schema":{"@context":"https:\/\/schema.org","@graph":[{"@type":"WebPage","@id":"https:\/\/apame.de\/","url":"https:\/\/apame.de\/","name":"Heim - apame","isPartOf":{"@id":"https:\/\/apame.de\/#website"},"primaryImageOfPage":{"@id":"https:\/\/apame.de\/#primaryimage"},"image":{"@id":"https:\/\/apame.de\/#primaryimage"},"thumbnailUrl":"https:\/\/apame.de\/wp-content\/uploads\/2025\/07\/saffron-768x768.jpg","datePublished":"2018-06-18T05:57:36+00:00","dateModified":"2025-07-01T20:17:27+00:00","breadcrumb":{"@id":"https:\/\/apame.de\/#breadcrumb"},"inLanguage":"en-GB","potentialAction":[{"@type":"ReadAction","target":["https:\/\/apame.de\/"]}]},{"@type":"ImageObject","inLanguage":"en-GB","@id":"https:\/\/apame.de\/#primaryimage","url":"https:\/\/apame.de\/wp-content\/uploads\/2025\/07\/saffron.jpg","contentUrl":"https:\/\/apame.de\/wp-content\/uploads\/2025\/07\/saffron.jpg","width":1443,"height":1443,"caption":"saffron"},{"@type":"BreadcrumbList","@id":"https:\/\/apame.de\/#breadcrumb","itemListElement":[{"@type":"ListItem","position":1,"name":"Home","item":"https:\/\/apame.de\/"},{"@type":"ListItem","position":2,"name":"Heim"}]},{"@type":"WebSite","@id":"https:\/\/apame.de\/#website","url":"https:\/\/apame.de\/","name":"apame","description":"","publisher":{"@id":"https:\/\/apame.de\/#organization"},"potentialAction":[{"@type":"SearchAction","target":{"@type":"EntryPoint","urlTemplate":"https:\/\/apame.de\/?s={search_term_string}"},"query-input":"required name=search_term_string"}],"inLanguage":"en-GB"},{"@type":"Organization","@id":"https:\/\/apame.de\/#organization","name":"apame","url":"https:\/\/apame.de\/","logo":{"@type":"ImageObject","inLanguage":"en-GB","@id":"https:\/\/apame.de\/#\/schema\/logo\/image\/","url":"https:\/\/apame.de\/wp-content\/uploads\/2024\/09\/Logo.png","contentUrl":"https:\/\/apame.de\/wp-content\/uploads\/2024\/09\/Logo.png","width":601,"height":601,"caption":"apame"},"image":{"@id":"https:\/\/apame.de\/#\/schema\/logo\/image\/"}}]}},"_links":{"self":[{"href":"https:\/\/apame.de\/en\/wp-json\/wp\/v2\/pages\/95","targetHints":{"allow":["GET"]}}],"collection":[{"href":"https:\/\/apame.de\/en\/wp-json\/wp\/v2\/pages"}],"about":[{"href":"https:\/\/apame.de\/en\/wp-json\/wp\/v2\/types\/page"}],"author":[{"embeddable":true,"href":"https:\/\/apame.de\/en\/wp-json\/wp\/v2\/users\/1"}],"replies":[{"embeddable":true,"href":"https:\/\/apame.de\/en\/wp-json\/wp\/v2\/comments?post=95"}],"version-history":[{"count":45,"href":"https:\/\/apame.de\/en\/wp-json\/wp\/v2\/pages\/95\/revisions"}],"predecessor-version":[{"id":6186,"href":"https:\/\/apame.de\/en\/wp-json\/wp\/v2\/pages\/95\/revisions\/6186"}],"wp:attachment":[{"href":"https:\/\/apame.de\/en\/wp-json\/wp\/v2\/media?parent=95"}],"curies":[{"name":"wp","href":"https:\/\/api.w.org\/{rel}","templated":true}]}}